{"id":4854,"date":"2024-01-22T10:52:13","date_gmt":"2024-01-22T09:52:13","guid":{"rendered":"https:\/\/www.recambio.it\/product\/cartuccia-forcella-per-moto-guzzi-850-le-mans-coppia\/"},"modified":"2024-01-22T10:52:13","modified_gmt":"2024-01-22T09:52:13","slug":"cartuccia-forcella-per-moto-guzzi-850-le-mans-coppia","status":"publish","type":"product","link":"https:\/\/www.recambio.it\/en\/prodotto\/cartuccia-forcella-per-moto-guzzi-850-le-mans-coppia\/","title":{"rendered":"Cartuccia forcella per Moto Guzzi 850 Le Mans coppia"},"content":{"rendered":"","protected":false},"excerpt":{"rendered":"<p>Cartucce forcella pressurizzate ad azoto Bitubo non regolabili, senza valvola di aspirazione o scarico: queste cartucce di ricambio sono adatte per sostituire le cartucce forcella originali senza nessuna modifica. Le cartucce forcella Bitubo soddisfano le esigenze dei motociclisti che non vogliono rinunciare a una guida aggressiva su una &#8220;&#8221;moto facile&#8221;&#8221;: garantiscono una maggiore stabilit\u00e0 e una migliore maneggevolezza della moto. Il kit \u00e8 composto da una coppia di cartucce complete con l&#8217;idraulica totalmente riprogettata per un controllo ottimale dell&#8217;avantreno: l&#8217;unit\u00e0 idraulica \u00e8 una cartuccia a bassa pressione sigillata e pressurizzata con azoto, con pistoni maggiorati e pacchi lamellari studiati per il perfetto controllo della compressione. La procedura di montaggio delle cartucce forcella Bitubo \u00e8 la stessa di quelle originali: all&#8217;interno dello stelo forcella \u00e8 necessario inserire la stessa quantit\u00e0 di olio indicata nel manuale d&#8217;officina della moto. Per la manutenzione rivolgersi ai centri di assistenza autorizzati.<\/p>\n<p>Caratteristiche cartucce forcella Bitubo:<\/p>\n<p>tappo di chisurua: filetto M31<br \/>\nasta fissaggio inferiore: filetto M8<br \/>\nsteli forcella compatibili: diametro 35mm<\/p>\n","protected":false},"featured_media":4852,"template":"","meta":{"_monsterinsights_skip_tracking":false,"_monsterinsights_sitenote_active":false,"_monsterinsights_sitenote_note":"","_monsterinsights_sitenote_category":0},"product_brand":[],"product_cat":[81],"product_tag":[],"class_list":{"0":"post-4854","1":"product","2":"type-product","3":"status-publish","4":"has-post-thumbnail","6":"product_cat-sospensioni","7":"pa_brand-moto-guzzi","9":"first","10":"instock","11":"shipping-taxable","12":"purchasable","13":"product-type-simple"},"yoast_head":"<!-- This site is optimized with the Yoast SEO plugin v27.2 - https:\/\/yoast.com\/product\/yoast-seo-wordpress\/ -->\n<title>Cartuccia forcella per Moto Guzzi 850 Le Mans coppia - Recambio<\/title>\n<meta name=\"robots\" content=\"index, follow, max-snippet:-1, max-image-preview:large, max-video-preview:-1\" \/>\n<link rel=\"canonical\" href=\"https:\/\/www.recambio.it\/en\/prodotto\/cartuccia-forcella-per-moto-guzzi-850-le-mans-coppia\/\" \/>\n<meta property=\"og:locale\" content=\"en_US\" \/>\n<meta property=\"og:type\" content=\"article\" \/>\n<meta property=\"og:title\" content=\"Cartuccia forcella per Moto Guzzi 850 Le Mans coppia - Recambio\" \/>\n<meta property=\"og:description\" content=\"Cartucce forcella pressurizzate ad azoto Bitubo non regolabili, senza valvola di aspirazione o scarico: queste cartucce di ricambio sono adatte per sostituire le cartucce forcella originali senza nessuna modifica. Le cartucce forcella Bitubo soddisfano le esigenze dei motociclisti che non vogliono rinunciare a una guida aggressiva su una &quot;&quot;moto facile&quot;&quot;: garantiscono una maggiore stabilit\u00e0 e una migliore maneggevolezza della moto. Il kit \u00e8 composto da una coppia di cartucce complete con l&#039;idraulica totalmente riprogettata per un controllo ottimale dell&#039;avantreno: l&#039;unit\u00e0 idraulica \u00e8 una cartuccia a bassa pressione sigillata e pressurizzata con azoto, con pistoni maggiorati e pacchi lamellari studiati per il perfetto controllo della compressione. La procedura di montaggio delle cartucce forcella Bitubo \u00e8 la stessa di quelle originali: all&#039;interno dello stelo forcella \u00e8 necessario inserire la stessa quantit\u00e0 di olio indicata nel manuale d&#039;officina della moto. Per la manutenzione rivolgersi ai centri di assistenza autorizzati. Caratteristiche cartucce forcella Bitubo: tappo di chisurua: filetto M31 asta fissaggio inferiore: filetto M8 steli forcella compatibili: diametro 35mm\" \/>\n<meta property=\"og:url\" content=\"https:\/\/www.recambio.it\/en\/prodotto\/cartuccia-forcella-per-moto-guzzi-850-le-mans-coppia\/\" \/>\n<meta property=\"og:site_name\" content=\"Recambio\" \/>\n<meta property=\"og:image\" content=\"https:\/\/www.recambio.it\/wp-content\/uploads\/2023\/04\/image-88-1.jpg\" \/>\n\t<meta property=\"og:image:width\" content=\"800\" \/>\n\t<meta property=\"og:image:height\" content=\"800\" \/>\n\t<meta property=\"og:image:type\" content=\"image\/jpeg\" \/>\n<meta name=\"twitter:card\" content=\"summary_large_image\" \/>\n<script type=\"application\/ld+json\" class=\"yoast-schema-graph\">{\"@context\":\"https:\/\/schema.org\",\"@graph\":[{\"@type\":\"WebPage\",\"@id\":\"https:\/\/www.recambio.it\/en\/prodotto\/cartuccia-forcella-per-moto-guzzi-850-le-mans-coppia\/\",\"url\":\"https:\/\/www.recambio.it\/en\/prodotto\/cartuccia-forcella-per-moto-guzzi-850-le-mans-coppia\/\",\"name\":\"Cartuccia forcella per Moto Guzzi 850 Le Mans coppia - Recambio\",\"isPartOf\":{\"@id\":\"https:\/\/www.recambio.it\/en\/#website\"},\"primaryImageOfPage\":{\"@id\":\"https:\/\/www.recambio.it\/en\/prodotto\/cartuccia-forcella-per-moto-guzzi-850-le-mans-coppia\/#primaryimage\"},\"image\":{\"@id\":\"https:\/\/www.recambio.it\/en\/prodotto\/cartuccia-forcella-per-moto-guzzi-850-le-mans-coppia\/#primaryimage\"},\"thumbnailUrl\":\"https:\/\/www.recambio.it\/wp-content\/uploads\/2023\/04\/image-88-1.jpg\",\"datePublished\":\"2024-01-22T09:52:13+00:00\",\"breadcrumb\":{\"@id\":\"https:\/\/www.recambio.it\/en\/prodotto\/cartuccia-forcella-per-moto-guzzi-850-le-mans-coppia\/#breadcrumb\"},\"inLanguage\":\"en-US\",\"potentialAction\":[{\"@type\":\"ReadAction\",\"target\":[\"https:\/\/www.recambio.it\/en\/prodotto\/cartuccia-forcella-per-moto-guzzi-850-le-mans-coppia\/\"]}]},{\"@type\":\"ImageObject\",\"inLanguage\":\"en-US\",\"@id\":\"https:\/\/www.recambio.it\/en\/prodotto\/cartuccia-forcella-per-moto-guzzi-850-le-mans-coppia\/#primaryimage\",\"url\":\"https:\/\/www.recambio.it\/wp-content\/uploads\/2023\/04\/image-88-1.jpg\",\"contentUrl\":\"https:\/\/www.recambio.it\/wp-content\/uploads\/2023\/04\/image-88-1.jpg\",\"width\":800,\"height\":800},{\"@type\":\"BreadcrumbList\",\"@id\":\"https:\/\/www.recambio.it\/en\/prodotto\/cartuccia-forcella-per-moto-guzzi-850-le-mans-coppia\/#breadcrumb\",\"itemListElement\":[{\"@type\":\"ListItem\",\"position\":1,\"name\":\"Home\",\"item\":\"https:\/\/www.recambio.it\/en\/\"},{\"@type\":\"ListItem\",\"position\":2,\"name\":\"Buy parts\",\"item\":\"https:\/\/www.recambio.it\/en\/shop\/\"},{\"@type\":\"ListItem\",\"position\":3,\"name\":\"Cartuccia forcella per Moto Guzzi 850 Le Mans coppia\"}]},{\"@type\":\"WebSite\",\"@id\":\"https:\/\/www.recambio.it\/en\/#website\",\"url\":\"https:\/\/www.recambio.it\/en\/\",\"name\":\"Recambio\",\"description\":\"Il marketplace per ricambi di moto classiche\",\"publisher\":{\"@id\":\"https:\/\/www.recambio.it\/en\/#organization\"},\"potentialAction\":[{\"@type\":\"SearchAction\",\"target\":{\"@type\":\"EntryPoint\",\"urlTemplate\":\"https:\/\/www.recambio.it\/en\/?s={search_term_string}\"},\"query-input\":{\"@type\":\"PropertyValueSpecification\",\"valueRequired\":true,\"valueName\":\"search_term_string\"}}],\"inLanguage\":\"en-US\"},{\"@type\":\"Organization\",\"@id\":\"https:\/\/www.recambio.it\/en\/#organization\",\"name\":\"Recambio\",\"url\":\"https:\/\/www.recambio.it\/en\/\",\"logo\":{\"@type\":\"ImageObject\",\"inLanguage\":\"en-US\",\"@id\":\"https:\/\/www.recambio.it\/en\/#\/schema\/logo\/image\/\",\"url\":\"https:\/\/www.recambio.it\/wp-content\/uploads\/2022\/01\/Tavola-disegno-1recambio-sito-logo.png\",\"contentUrl\":\"https:\/\/www.recambio.it\/wp-content\/uploads\/2022\/01\/Tavola-disegno-1recambio-sito-logo.png\",\"width\":500,\"height\":389,\"caption\":\"Recambio\"},\"image\":{\"@id\":\"https:\/\/www.recambio.it\/en\/#\/schema\/logo\/image\/\"}}]}<\/script>\n<!-- \/ Yoast SEO plugin. -->","yoast_head_json":{"title":"Cartuccia forcella per Moto Guzzi 850 Le Mans coppia - Recambio","robots":{"index":"index","follow":"follow","max-snippet":"max-snippet:-1","max-image-preview":"max-image-preview:large","max-video-preview":"max-video-preview:-1"},"canonical":"https:\/\/www.recambio.it\/en\/prodotto\/cartuccia-forcella-per-moto-guzzi-850-le-mans-coppia\/","og_locale":"en_US","og_type":"article","og_title":"Cartuccia forcella per Moto Guzzi 850 Le Mans coppia - Recambio","og_description":"Cartucce forcella pressurizzate ad azoto Bitubo non regolabili, senza valvola di aspirazione o scarico: queste cartucce di ricambio sono adatte per sostituire le cartucce forcella originali senza nessuna modifica. Le cartucce forcella Bitubo soddisfano le esigenze dei motociclisti che non vogliono rinunciare a una guida aggressiva su una \"\"moto facile\"\": garantiscono una maggiore stabilit\u00e0 e una migliore maneggevolezza della moto. Il kit \u00e8 composto da una coppia di cartucce complete con l'idraulica totalmente riprogettata per un controllo ottimale dell'avantreno: l'unit\u00e0 idraulica \u00e8 una cartuccia a bassa pressione sigillata e pressurizzata con azoto, con pistoni maggiorati e pacchi lamellari studiati per il perfetto controllo della compressione. La procedura di montaggio delle cartucce forcella Bitubo \u00e8 la stessa di quelle originali: all'interno dello stelo forcella \u00e8 necessario inserire la stessa quantit\u00e0 di olio indicata nel manuale d'officina della moto. Per la manutenzione rivolgersi ai centri di assistenza autorizzati. Caratteristiche cartucce forcella Bitubo: tappo di chisurua: filetto M31 asta fissaggio inferiore: filetto M8 steli forcella compatibili: diametro 35mm","og_url":"https:\/\/www.recambio.it\/en\/prodotto\/cartuccia-forcella-per-moto-guzzi-850-le-mans-coppia\/","og_site_name":"Recambio","og_image":[{"width":800,"height":800,"url":"https:\/\/www.recambio.it\/wp-content\/uploads\/2023\/04\/image-88-1.jpg","type":"image\/jpeg"}],"twitter_card":"summary_large_image","schema":{"@context":"https:\/\/schema.org","@graph":[{"@type":"WebPage","@id":"https:\/\/www.recambio.it\/en\/prodotto\/cartuccia-forcella-per-moto-guzzi-850-le-mans-coppia\/","url":"https:\/\/www.recambio.it\/en\/prodotto\/cartuccia-forcella-per-moto-guzzi-850-le-mans-coppia\/","name":"Cartuccia forcella per Moto Guzzi 850 Le Mans coppia - Recambio","isPartOf":{"@id":"https:\/\/www.recambio.it\/en\/#website"},"primaryImageOfPage":{"@id":"https:\/\/www.recambio.it\/en\/prodotto\/cartuccia-forcella-per-moto-guzzi-850-le-mans-coppia\/#primaryimage"},"image":{"@id":"https:\/\/www.recambio.it\/en\/prodotto\/cartuccia-forcella-per-moto-guzzi-850-le-mans-coppia\/#primaryimage"},"thumbnailUrl":"https:\/\/www.recambio.it\/wp-content\/uploads\/2023\/04\/image-88-1.jpg","datePublished":"2024-01-22T09:52:13+00:00","breadcrumb":{"@id":"https:\/\/www.recambio.it\/en\/prodotto\/cartuccia-forcella-per-moto-guzzi-850-le-mans-coppia\/#breadcrumb"},"inLanguage":"en-US","potentialAction":[{"@type":"ReadAction","target":["https:\/\/www.recambio.it\/en\/prodotto\/cartuccia-forcella-per-moto-guzzi-850-le-mans-coppia\/"]}]},{"@type":"ImageObject","inLanguage":"en-US","@id":"https:\/\/www.recambio.it\/en\/prodotto\/cartuccia-forcella-per-moto-guzzi-850-le-mans-coppia\/#primaryimage","url":"https:\/\/www.recambio.it\/wp-content\/uploads\/2023\/04\/image-88-1.jpg","contentUrl":"https:\/\/www.recambio.it\/wp-content\/uploads\/2023\/04\/image-88-1.jpg","width":800,"height":800},{"@type":"BreadcrumbList","@id":"https:\/\/www.recambio.it\/en\/prodotto\/cartuccia-forcella-per-moto-guzzi-850-le-mans-coppia\/#breadcrumb","itemListElement":[{"@type":"ListItem","position":1,"name":"Home","item":"https:\/\/www.recambio.it\/en\/"},{"@type":"ListItem","position":2,"name":"Buy parts","item":"https:\/\/www.recambio.it\/en\/shop\/"},{"@type":"ListItem","position":3,"name":"Cartuccia forcella per Moto Guzzi 850 Le Mans coppia"}]},{"@type":"WebSite","@id":"https:\/\/www.recambio.it\/en\/#website","url":"https:\/\/www.recambio.it\/en\/","name":"Recambio","description":"Il marketplace per ricambi di moto classiche","publisher":{"@id":"https:\/\/www.recambio.it\/en\/#organization"},"potentialAction":[{"@type":"SearchAction","target":{"@type":"EntryPoint","urlTemplate":"https:\/\/www.recambio.it\/en\/?s={search_term_string}"},"query-input":{"@type":"PropertyValueSpecification","valueRequired":true,"valueName":"search_term_string"}}],"inLanguage":"en-US"},{"@type":"Organization","@id":"https:\/\/www.recambio.it\/en\/#organization","name":"Recambio","url":"https:\/\/www.recambio.it\/en\/","logo":{"@type":"ImageObject","inLanguage":"en-US","@id":"https:\/\/www.recambio.it\/en\/#\/schema\/logo\/image\/","url":"https:\/\/www.recambio.it\/wp-content\/uploads\/2022\/01\/Tavola-disegno-1recambio-sito-logo.png","contentUrl":"https:\/\/www.recambio.it\/wp-content\/uploads\/2022\/01\/Tavola-disegno-1recambio-sito-logo.png","width":500,"height":389,"caption":"Recambio"},"image":{"@id":"https:\/\/www.recambio.it\/en\/#\/schema\/logo\/image\/"}}]}},"_links":{"self":[{"href":"https:\/\/www.recambio.it\/en\/wp-json\/wp\/v2\/product\/4854","targetHints":{"allow":["GET"]}}],"collection":[{"href":"https:\/\/www.recambio.it\/en\/wp-json\/wp\/v2\/product"}],"about":[{"href":"https:\/\/www.recambio.it\/en\/wp-json\/wp\/v2\/types\/product"}],"wp:featuredmedia":[{"embeddable":true,"href":"https:\/\/www.recambio.it\/en\/wp-json\/wp\/v2\/media\/4852"}],"wp:attachment":[{"href":"https:\/\/www.recambio.it\/en\/wp-json\/wp\/v2\/media?parent=4854"}],"wp:term":[{"taxonomy":"product_brand","embeddable":true,"href":"https:\/\/www.recambio.it\/en\/wp-json\/wp\/v2\/product_brand?post=4854"},{"taxonomy":"product_cat","embeddable":true,"href":"https:\/\/www.recambio.it\/en\/wp-json\/wp\/v2\/product_cat?post=4854"},{"taxonomy":"product_tag","embeddable":true,"href":"https:\/\/www.recambio.it\/en\/wp-json\/wp\/v2\/product_tag?post=4854"}],"curies":[{"name":"wp","href":"https:\/\/api.w.org\/{rel}","templated":true}]}}