{"id":4814,"date":"2024-01-22T10:52:08","date_gmt":"2024-01-22T09:52:08","guid":{"rendered":"https:\/\/www.recambio.it\/product\/carburatore-dellorto-phm-40-nd-4t\/"},"modified":"2024-01-22T10:52:09","modified_gmt":"2024-01-22T09:52:09","slug":"carburatore-dellorto-phm-40-nd-4t","status":"publish","type":"product","link":"https:\/\/www.recambio.it\/en\/prodotto\/carburatore-dellorto-phm-40-nd-4t\/","title":{"rendered":"Carburatore Dell&#8217;Orto PHM 40 ND 4T"},"content":{"rendered":"","protected":false},"excerpt":{"rendered":"<p>Ricambio originale. Valvola gas cilindrica. Dispositivo avviamento a circuito indipendente o con pulsante ingolfatore. Sistema del minimo con getto e vite regolazione miscela. Sistema del massimo con regolazione meccanica della miscela a mezzo spillo conico. Versioni con pompa di ripresa a membrana con comando meccanico. Vaschetta con possibilit\u00e0 di montaggio galleggianti indipendenti. Attacco a manicotto con riduzione isolante da \u00d8 48 a \u00d8 45 e attacco per il montaggio elastico \u00d8 46. Attacco presa aria \u00d8 52 e 83 o M52 x 1,25 per montaggio cornetti e raccordi.<\/p>\n<p>Settaggio:<\/p>\n<p>valvola gas: 60\/5<br \/>\ngetto massimo: 165<br \/>\ngetto minimo: 60<br \/>\ngetto avviamento: 60<br \/>\npolverizzatore: AB260<br \/>\nspillo: K4<\/p>\n","protected":false},"featured_media":4812,"template":"","meta":{"_monsterinsights_skip_tracking":false,"_monsterinsights_sitenote_active":false,"_monsterinsights_sitenote_note":"","_monsterinsights_sitenote_category":0},"product_brand":[],"product_cat":[84],"product_tag":[],"class_list":{"0":"post-4814","1":"product","2":"type-product","3":"status-publish","4":"has-post-thumbnail","6":"product_cat-parti-motore-e-scarico","7":"pa_brand-moto-guzzi","9":"first","10":"instock","11":"shipping-taxable","12":"purchasable","13":"product-type-simple"},"yoast_head":"<!-- This site is optimized with the Yoast SEO plugin v27.2 - https:\/\/yoast.com\/product\/yoast-seo-wordpress\/ -->\n<title>Carburatore Dell&#039;Orto PHM 40 ND 4T - Recambio<\/title>\n<meta name=\"robots\" content=\"index, follow, max-snippet:-1, max-image-preview:large, max-video-preview:-1\" \/>\n<link rel=\"canonical\" href=\"https:\/\/www.recambio.it\/en\/prodotto\/carburatore-dellorto-phm-40-nd-4t\/\" \/>\n<meta property=\"og:locale\" content=\"en_US\" \/>\n<meta property=\"og:type\" content=\"article\" \/>\n<meta property=\"og:title\" content=\"Carburatore Dell&#039;Orto PHM 40 ND 4T - Recambio\" \/>\n<meta property=\"og:description\" content=\"Ricambio originale. Valvola gas cilindrica. Dispositivo avviamento a circuito indipendente o con pulsante ingolfatore. Sistema del minimo con getto e vite regolazione miscela. Sistema del massimo con regolazione meccanica della miscela a mezzo spillo conico. Versioni con pompa di ripresa a membrana con comando meccanico. Vaschetta con possibilit\u00e0 di montaggio galleggianti indipendenti. Attacco a manicotto con riduzione isolante da \u00d8 48 a \u00d8 45 e attacco per il montaggio elastico \u00d8 46. Attacco presa aria \u00d8 52 e 83 o M52 x 1,25 per montaggio cornetti e raccordi. Settaggio: valvola gas: 60\/5 getto massimo: 165 getto minimo: 60 getto avviamento: 60 polverizzatore: AB260 spillo: K4\" \/>\n<meta property=\"og:url\" content=\"https:\/\/www.recambio.it\/en\/prodotto\/carburatore-dellorto-phm-40-nd-4t\/\" \/>\n<meta property=\"og:site_name\" content=\"Recambio\" \/>\n<meta property=\"article:modified_time\" content=\"2024-01-22T09:52:09+00:00\" \/>\n<meta property=\"og:image\" content=\"https:\/\/www.recambio.it\/wp-content\/uploads\/2023\/04\/image-1.png\" \/>\n\t<meta property=\"og:image:width\" content=\"800\" \/>\n\t<meta property=\"og:image:height\" content=\"800\" \/>\n\t<meta property=\"og:image:type\" content=\"image\/png\" \/>\n<meta name=\"twitter:card\" content=\"summary_large_image\" \/>\n<script type=\"application\/ld+json\" class=\"yoast-schema-graph\">{\"@context\":\"https:\/\/schema.org\",\"@graph\":[{\"@type\":\"WebPage\",\"@id\":\"https:\/\/www.recambio.it\/en\/prodotto\/carburatore-dellorto-phm-40-nd-4t\/\",\"url\":\"https:\/\/www.recambio.it\/en\/prodotto\/carburatore-dellorto-phm-40-nd-4t\/\",\"name\":\"Carburatore Dell'Orto PHM 40 ND 4T - Recambio\",\"isPartOf\":{\"@id\":\"https:\/\/www.recambio.it\/en\/#website\"},\"primaryImageOfPage\":{\"@id\":\"https:\/\/www.recambio.it\/en\/prodotto\/carburatore-dellorto-phm-40-nd-4t\/#primaryimage\"},\"image\":{\"@id\":\"https:\/\/www.recambio.it\/en\/prodotto\/carburatore-dellorto-phm-40-nd-4t\/#primaryimage\"},\"thumbnailUrl\":\"https:\/\/www.recambio.it\/wp-content\/uploads\/2023\/04\/image-1.png\",\"datePublished\":\"2024-01-22T09:52:08+00:00\",\"dateModified\":\"2024-01-22T09:52:09+00:00\",\"breadcrumb\":{\"@id\":\"https:\/\/www.recambio.it\/en\/prodotto\/carburatore-dellorto-phm-40-nd-4t\/#breadcrumb\"},\"inLanguage\":\"en-US\",\"potentialAction\":[{\"@type\":\"ReadAction\",\"target\":[\"https:\/\/www.recambio.it\/en\/prodotto\/carburatore-dellorto-phm-40-nd-4t\/\"]}]},{\"@type\":\"ImageObject\",\"inLanguage\":\"en-US\",\"@id\":\"https:\/\/www.recambio.it\/en\/prodotto\/carburatore-dellorto-phm-40-nd-4t\/#primaryimage\",\"url\":\"https:\/\/www.recambio.it\/wp-content\/uploads\/2023\/04\/image-1.png\",\"contentUrl\":\"https:\/\/www.recambio.it\/wp-content\/uploads\/2023\/04\/image-1.png\",\"width\":800,\"height\":800},{\"@type\":\"BreadcrumbList\",\"@id\":\"https:\/\/www.recambio.it\/en\/prodotto\/carburatore-dellorto-phm-40-nd-4t\/#breadcrumb\",\"itemListElement\":[{\"@type\":\"ListItem\",\"position\":1,\"name\":\"Home\",\"item\":\"https:\/\/www.recambio.it\/en\/\"},{\"@type\":\"ListItem\",\"position\":2,\"name\":\"Buy parts\",\"item\":\"https:\/\/www.recambio.it\/en\/shop\/\"},{\"@type\":\"ListItem\",\"position\":3,\"name\":\"Carburatore Dell&#8217;Orto PHM 40 ND 4T\"}]},{\"@type\":\"WebSite\",\"@id\":\"https:\/\/www.recambio.it\/en\/#website\",\"url\":\"https:\/\/www.recambio.it\/en\/\",\"name\":\"Recambio\",\"description\":\"Il marketplace per ricambi di moto classiche\",\"publisher\":{\"@id\":\"https:\/\/www.recambio.it\/en\/#organization\"},\"potentialAction\":[{\"@type\":\"SearchAction\",\"target\":{\"@type\":\"EntryPoint\",\"urlTemplate\":\"https:\/\/www.recambio.it\/en\/?s={search_term_string}\"},\"query-input\":{\"@type\":\"PropertyValueSpecification\",\"valueRequired\":true,\"valueName\":\"search_term_string\"}}],\"inLanguage\":\"en-US\"},{\"@type\":\"Organization\",\"@id\":\"https:\/\/www.recambio.it\/en\/#organization\",\"name\":\"Recambio\",\"url\":\"https:\/\/www.recambio.it\/en\/\",\"logo\":{\"@type\":\"ImageObject\",\"inLanguage\":\"en-US\",\"@id\":\"https:\/\/www.recambio.it\/en\/#\/schema\/logo\/image\/\",\"url\":\"https:\/\/www.recambio.it\/wp-content\/uploads\/2022\/01\/Tavola-disegno-1recambio-sito-logo.png\",\"contentUrl\":\"https:\/\/www.recambio.it\/wp-content\/uploads\/2022\/01\/Tavola-disegno-1recambio-sito-logo.png\",\"width\":500,\"height\":389,\"caption\":\"Recambio\"},\"image\":{\"@id\":\"https:\/\/www.recambio.it\/en\/#\/schema\/logo\/image\/\"}}]}<\/script>\n<!-- \/ Yoast SEO plugin. -->","yoast_head_json":{"title":"Carburatore Dell'Orto PHM 40 ND 4T - Recambio","robots":{"index":"index","follow":"follow","max-snippet":"max-snippet:-1","max-image-preview":"max-image-preview:large","max-video-preview":"max-video-preview:-1"},"canonical":"https:\/\/www.recambio.it\/en\/prodotto\/carburatore-dellorto-phm-40-nd-4t\/","og_locale":"en_US","og_type":"article","og_title":"Carburatore Dell'Orto PHM 40 ND 4T - Recambio","og_description":"Ricambio originale. Valvola gas cilindrica. Dispositivo avviamento a circuito indipendente o con pulsante ingolfatore. Sistema del minimo con getto e vite regolazione miscela. Sistema del massimo con regolazione meccanica della miscela a mezzo spillo conico. Versioni con pompa di ripresa a membrana con comando meccanico. Vaschetta con possibilit\u00e0 di montaggio galleggianti indipendenti. Attacco a manicotto con riduzione isolante da \u00d8 48 a \u00d8 45 e attacco per il montaggio elastico \u00d8 46. Attacco presa aria \u00d8 52 e 83 o M52 x 1,25 per montaggio cornetti e raccordi. Settaggio: valvola gas: 60\/5 getto massimo: 165 getto minimo: 60 getto avviamento: 60 polverizzatore: AB260 spillo: K4","og_url":"https:\/\/www.recambio.it\/en\/prodotto\/carburatore-dellorto-phm-40-nd-4t\/","og_site_name":"Recambio","article_modified_time":"2024-01-22T09:52:09+00:00","og_image":[{"width":800,"height":800,"url":"https:\/\/www.recambio.it\/wp-content\/uploads\/2023\/04\/image-1.png","type":"image\/png"}],"twitter_card":"summary_large_image","schema":{"@context":"https:\/\/schema.org","@graph":[{"@type":"WebPage","@id":"https:\/\/www.recambio.it\/en\/prodotto\/carburatore-dellorto-phm-40-nd-4t\/","url":"https:\/\/www.recambio.it\/en\/prodotto\/carburatore-dellorto-phm-40-nd-4t\/","name":"Carburatore Dell'Orto PHM 40 ND 4T - Recambio","isPartOf":{"@id":"https:\/\/www.recambio.it\/en\/#website"},"primaryImageOfPage":{"@id":"https:\/\/www.recambio.it\/en\/prodotto\/carburatore-dellorto-phm-40-nd-4t\/#primaryimage"},"image":{"@id":"https:\/\/www.recambio.it\/en\/prodotto\/carburatore-dellorto-phm-40-nd-4t\/#primaryimage"},"thumbnailUrl":"https:\/\/www.recambio.it\/wp-content\/uploads\/2023\/04\/image-1.png","datePublished":"2024-01-22T09:52:08+00:00","dateModified":"2024-01-22T09:52:09+00:00","breadcrumb":{"@id":"https:\/\/www.recambio.it\/en\/prodotto\/carburatore-dellorto-phm-40-nd-4t\/#breadcrumb"},"inLanguage":"en-US","potentialAction":[{"@type":"ReadAction","target":["https:\/\/www.recambio.it\/en\/prodotto\/carburatore-dellorto-phm-40-nd-4t\/"]}]},{"@type":"ImageObject","inLanguage":"en-US","@id":"https:\/\/www.recambio.it\/en\/prodotto\/carburatore-dellorto-phm-40-nd-4t\/#primaryimage","url":"https:\/\/www.recambio.it\/wp-content\/uploads\/2023\/04\/image-1.png","contentUrl":"https:\/\/www.recambio.it\/wp-content\/uploads\/2023\/04\/image-1.png","width":800,"height":800},{"@type":"BreadcrumbList","@id":"https:\/\/www.recambio.it\/en\/prodotto\/carburatore-dellorto-phm-40-nd-4t\/#breadcrumb","itemListElement":[{"@type":"ListItem","position":1,"name":"Home","item":"https:\/\/www.recambio.it\/en\/"},{"@type":"ListItem","position":2,"name":"Buy parts","item":"https:\/\/www.recambio.it\/en\/shop\/"},{"@type":"ListItem","position":3,"name":"Carburatore Dell&#8217;Orto PHM 40 ND 4T"}]},{"@type":"WebSite","@id":"https:\/\/www.recambio.it\/en\/#website","url":"https:\/\/www.recambio.it\/en\/","name":"Recambio","description":"Il marketplace per ricambi di moto classiche","publisher":{"@id":"https:\/\/www.recambio.it\/en\/#organization"},"potentialAction":[{"@type":"SearchAction","target":{"@type":"EntryPoint","urlTemplate":"https:\/\/www.recambio.it\/en\/?s={search_term_string}"},"query-input":{"@type":"PropertyValueSpecification","valueRequired":true,"valueName":"search_term_string"}}],"inLanguage":"en-US"},{"@type":"Organization","@id":"https:\/\/www.recambio.it\/en\/#organization","name":"Recambio","url":"https:\/\/www.recambio.it\/en\/","logo":{"@type":"ImageObject","inLanguage":"en-US","@id":"https:\/\/www.recambio.it\/en\/#\/schema\/logo\/image\/","url":"https:\/\/www.recambio.it\/wp-content\/uploads\/2022\/01\/Tavola-disegno-1recambio-sito-logo.png","contentUrl":"https:\/\/www.recambio.it\/wp-content\/uploads\/2022\/01\/Tavola-disegno-1recambio-sito-logo.png","width":500,"height":389,"caption":"Recambio"},"image":{"@id":"https:\/\/www.recambio.it\/en\/#\/schema\/logo\/image\/"}}]}},"_links":{"self":[{"href":"https:\/\/www.recambio.it\/en\/wp-json\/wp\/v2\/product\/4814","targetHints":{"allow":["GET"]}}],"collection":[{"href":"https:\/\/www.recambio.it\/en\/wp-json\/wp\/v2\/product"}],"about":[{"href":"https:\/\/www.recambio.it\/en\/wp-json\/wp\/v2\/types\/product"}],"wp:featuredmedia":[{"embeddable":true,"href":"https:\/\/www.recambio.it\/en\/wp-json\/wp\/v2\/media\/4812"}],"wp:attachment":[{"href":"https:\/\/www.recambio.it\/en\/wp-json\/wp\/v2\/media?parent=4814"}],"wp:term":[{"taxonomy":"product_brand","embeddable":true,"href":"https:\/\/www.recambio.it\/en\/wp-json\/wp\/v2\/product_brand?post=4814"},{"taxonomy":"product_cat","embeddable":true,"href":"https:\/\/www.recambio.it\/en\/wp-json\/wp\/v2\/product_cat?post=4814"},{"taxonomy":"product_tag","embeddable":true,"href":"https:\/\/www.recambio.it\/en\/wp-json\/wp\/v2\/product_tag?post=4814"}],"curies":[{"name":"wp","href":"https:\/\/api.w.org\/{rel}","templated":true}]}}